{"id":179,"date":"2019-05-08T13:41:36","date_gmt":"2019-05-08T13:41:36","guid":{"rendered":"http:\/\/xlabel.es\/?page_id=179"},"modified":"2019-05-08T13:42:58","modified_gmt":"2019-05-08T13:42:58","slug":"condicions-dus","status":"publish","type":"page","link":"https:\/\/xlabel.es\/ca\/condicions-dus\/","title":{"rendered":"Condicions d&#8217;\u00fas"},"content":{"rendered":"<p>[et_pb_section bb_built=&#8221;1&#8243;][et_pb_row][et_pb_column type=&#8221;4_4&#8243;][et_pb_text _builder_version=&#8221;3.5.1&#8243;]<\/p>\n<h3><b>AVIS LEGAL<\/b><\/h3>\n<p><span style=\"font-weight: 400;\">De conformitat amb la Llei 34\/2002, d&#8217;11 de Juliol, de Serveis de la Societat de la Informaci\u00f3 i de Comer\u00e7 Electr\u00f2nic, l&#8217;informem:<\/span><\/p>\n<p><span style=\"font-weight: 400;\">X-LABEL SOLUCIONS INTEGRALS, S.L.<\/span><\/p>\n<p><span style=\"font-weight: 400;\">CIF: B-64178718<\/span><\/p>\n<p><span style=\"font-weight: 400;\">Adre\u00e7a: Crta. del Pla de Santa Maria, 241, nave n\u00ba6, 43800 Valls (Tarragona)<\/span><\/p>\n<p><span style=\"font-weight: 400;\">E-Mail:\u00a0<\/span><a href=\"mailto:xlabel@xlabel.es\"><span style=\"font-weight: 400;\">xlabel@xlabel.es<\/span><\/a><\/p>\n<p><span style=\"font-weight: 400;\">\u00a0<\/span><\/p>\n<p><span style=\"font-weight: 400;\">Inscrita en el R.M. de Tarragona, tom 2256 de Societats, foli 51, fulla n\u00fam. T-35121, inscripci\u00f3 1a.<\/span><\/p>\n<p><span style=\"font-weight: 400;\">\u00a0<\/span><\/p>\n<p><span style=\"font-weight: 400;\">X-<\/span><span style=\"font-weight: 400;\">LABEL<\/span><span style=\"font-weight: 400;\">\u00a0<\/span><span style=\"font-weight: 400;\">SOLUCIONS<\/span><span style=\"font-weight: 400;\">\u00a0<\/span><span style=\"font-weight: 400;\">INTEGRALS<\/span><span style=\"font-weight: 400;\">, S.L. \u00e9s propietari del nom de domini i p\u00e0gines en Internet a les quals s&#8217;accedeix a trav\u00e9s de l&#8217;adre\u00e7a www.xlabel.es<\/span><\/p>\n<p>&nbsp;<\/p>\n<h3><b>CONCEPTE D\u2019USUARI<\/b><\/h3>\n<p><span style=\"font-weight: 400;\">La utilitzaci\u00f3 de la Web atribueix la condici\u00f3 d&#8217;Usuari, i implica l&#8217;acceptaci\u00f3 plena i sense reserves de totes i cadascuna de les disposicions incloses en aquest Av\u00eds Legal en la versi\u00f3 publicada per X-<\/span><span style=\"font-weight: 400;\">LABEL<\/span><span style=\"font-weight: 400;\">\u00a0<\/span><span style=\"font-weight: 400;\">SOLUCIONSINTEGRALS<\/span><span style=\"font-weight: 400;\">, S.L en el mateix moment en qu\u00e8 l&#8217;Usuari accedeixi a la Web. En conseq\u00fc\u00e8ncia, l&#8217;Usuari ha de llegir atentament el present Av\u00eds Legal en cadascuna de les ocasions en qu\u00e8 es proposi utilitzar la Web, ja que pot sofrir modificacions.<\/span><\/p>\n<p>&nbsp;<\/p>\n<h3><b>INFORMACI\u00d3 SOBRE ELS LINKS\u00a0<\/b><\/h3>\n<p><span style=\"font-weight: 400;\">X-<\/span><span style=\"font-weight: 400;\">LABEL<\/span><span style=\"font-weight: 400;\">\u00a0<\/span><span style=\"font-weight: 400;\">SOLUCIONS<\/span><span style=\"font-weight: 400;\">\u00a0<\/span><span style=\"font-weight: 400;\">INTEGRALS<\/span><span style=\"font-weight: 400;\">, S.L. no es fa responsable de les webs no pr\u00f2pies a les quals es pot accedir mitjan\u00e7ant vincles \u201clinks\u201d o de qualsevol contingut posat a disposici\u00f3 per tercers. Qualsevol \u00fas d&#8217;un vincle o acc\u00e9s a una Web no pr\u00f2pia \u00e9s realitzat per voluntat i risc exclusiu de l&#8217;usuari i X-<\/span><span style=\"font-weight: 400;\">LABEL<\/span><span style=\"font-weight: 400;\">\u00a0<\/span><span style=\"font-weight: 400;\">SOLUCIONSINTEGRALS<\/span><span style=\"font-weight: 400;\">, S.L. no recomana ni garanteix cap informaci\u00f3 obtinguda a trav\u00e9s d&#8217;un vincle ali\u00e8 a la Web de X-<\/span><span style=\"font-weight: 400;\">LABEL<\/span><span style=\"font-weight: 400;\">\u00a0<\/span><span style=\"font-weight: 400;\">SOLUCIONS<\/span><span style=\"font-weight: 400;\">\u00a0<\/span><span style=\"font-weight: 400;\">INTEGRALS<\/span><span style=\"font-weight: 400;\">, S.L. ni es responsabilitza de cap p\u00e8rdua, reclamaci\u00f3 o perjudici derivada de l&#8217;\u00fas o mal \u00fas d&#8217;un vincle, o de la informaci\u00f3 obtinguda a trav\u00e9s d&#8217;ell, incloent altres vincles o webs, de la interrupci\u00f3 en el servei o en l&#8217;acc\u00e9s, o de l&#8217;intent d&#8217;usar o usar malament un vincle, tant en connectar a la Web de X-<\/span><span style=\"font-weight: 400;\">LABEL<\/span><span style=\"font-weight: 400;\">\u00a0<\/span><span style=\"font-weight: 400;\">SOLUCIONS<\/span><span style=\"font-weight: 400;\">\u00a0<\/span><span style=\"font-weight: 400;\">INTEGRALS<\/span><span style=\"font-weight: 400;\">, S.L. com en accedir a la informaci\u00f3 d&#8217;altres webs des de la Web de X-<\/span><span style=\"font-weight: 400;\">LABEL<\/span><span style=\"font-weight: 400;\">\u00a0<\/span><span style=\"font-weight: 400;\">SOLUCIONSINTEGRALS<\/span><span style=\"font-weight: 400;\">, S.L.<\/span><\/p>\n<p>&nbsp;<\/p>\n<h3><b>RENUNCIA I LIMITACI\u00d3 DE LA RESPONSABILITAT<\/b><span style=\"font-weight: 400;\">\u00a0<\/span><\/h3>\n<p><span style=\"font-weight: 400;\">La informaci\u00f3 i serveis inclosos o disponibles a trav\u00e9s de les p\u00e0gines Web poden incloure incorreccions o errors tipogr\u00e0fics. De forma peri\u00f2dica s&#8217;incorporen canvis a la informaci\u00f3 continguda. X-<\/span><span style=\"font-weight: 400;\">LABEL<\/span><span style=\"font-weight: 400;\">\u00a0<\/span><span style=\"font-weight: 400;\">SOLUCIONS<\/span><span style=\"font-weight: 400;\">\u00a0<\/span><span style=\"font-weight: 400;\">INTEGRALS<\/span><span style=\"font-weight: 400;\">, S.L. pot introduir en qualsevol moment millores i\/o canvis en els serveis o continguts. X-<\/span><span style=\"font-weight: 400;\">LABELSOLUCIONS<\/span><span style=\"font-weight: 400;\">\u00a0<\/span><span style=\"font-weight: 400;\">INTEGRALS<\/span><span style=\"font-weight: 400;\">, S.L. ha obtingut la informaci\u00f3 i els materials inclosos en la Web de fonts considerades com a fiables, per\u00f2, si b\u00e9 s&#8217;han pres les mesures corresponents per a assegurar que la informaci\u00f3 continguda sigui correcta, no garanteix que sigui exacta i actualitzada. X-<\/span><span style=\"font-weight: 400;\">LABEL<\/span><span style=\"font-weight: 400;\">\u00a0<\/span><span style=\"font-weight: 400;\">SOLUCIONS<\/span><span style=\"font-weight: 400;\">\u00a0<\/span><span style=\"font-weight: 400;\">INTEGRALS<\/span><span style=\"font-weight: 400;\">, S.L. declina qualsevol responsabilitat en cas que existeixin interrupcions o un mal funcionament dels serveis o continguts oferts en Internet, qualsevol que sigui la seva causa. Aix\u00ed mateix, X-<\/span><span style=\"font-weight: 400;\">LABEL<\/span><span style=\"font-weight: 400;\">\u00a0<\/span><span style=\"font-weight: 400;\">SOLUCIONS<\/span><span style=\"font-weight: 400;\">\u00a0<\/span><span style=\"font-weight: 400;\">INTEGRALS<\/span><span style=\"font-weight: 400;\">, S.L. no es fa responsable per caigudes de la xarxa, p\u00e8rdues de negoci a conseq\u00fc\u00e8ncia d&#8217;aquestes caigudes, suspensions temporals del fluid el\u00e8ctric o qualsevol altre tipus no declara ni garanteix que els serveis o continguts no siguin interromputs o que estiguin lliures d&#8217;errors, que els defectes siguin corregits, o que el servei o el servidor que el posa a disposici\u00f3 estiguin lliures de virus o altres components nocius, sense perjudici que X-<\/span><span style=\"font-weight: 400;\">LABEL<\/span><span style=\"font-weight: 400;\">\u00a0<\/span><span style=\"font-weight: 400;\">SOLUCIONS<\/span><span style=\"font-weight: 400;\">\u00a0<\/span><span style=\"font-weight: 400;\">INTEGRALS<\/span><span style=\"font-weight: 400;\">, S.L. realitza els seus millors esfor\u00e7os a evitar aquest tipus d&#8217;incidents. Tant l&#8217;acc\u00e9s als websites com l&#8217;\u00fas que pugui realitzar-se de la informaci\u00f3 i continguts inclosos en aquests, ser\u00e0 d&#8217;exclusiva responsabilitat de qui el realitzi. Per tant, l&#8217;\u00fas que pugui fer-se de la informaci\u00f3, imatges, continguts i\/o productes ressenyats i accessibles a trav\u00e9s d&#8217;aquest, estar\u00e0 supeditada a la legalitat, sigui nacional o internacional, aplicable, aix\u00ed com als principis de bona fe i \u00fas l\u00edcit per part dels Usuaris, els qui seran enterament responsables d&#8217;aquest acc\u00e9s i correcte \u00fas. Els Usuaris estaran obligats a fer un \u00fas raonable dels serveis o continguts, sota el principi de bona fe i amb respecte a la legalitat vigent, a la moral, a l&#8217;ordre p\u00fablic, als bons costums, als drets de tercers o de la pr\u00f2pia empresa, tot aix\u00f2 segons les possibilitats i finalitats per als quals estan concebuts. X-<\/span><span style=\"font-weight: 400;\">LABEL<\/span><span style=\"font-weight: 400;\">\u00a0<\/span><span style=\"font-weight: 400;\">SOLUCIONS<\/span><span style=\"font-weight: 400;\">\u00a0<\/span><span style=\"font-weight: 400;\">INTEGRALS<\/span><span style=\"font-weight: 400;\">, S.L. no assumeix responsabilitats, ja siguin directes o indirectes, per mal emergent o lucre cessant, derivades del mal \u00fas dels serveis o continguts realitzats pels Usuaris o tercers.<\/span><\/p>\n<p><span style=\"font-weight: 400;\">\u00a0<\/span><\/p>\n<h3><b>PROPIETAT INDUSTRIAL I INTEL\u00b7LECTUAL<\/b><span style=\"font-weight: 400;\">\u00a0<\/span><\/h3>\n<p><span style=\"font-weight: 400;\">Queda prohibida qualsevol forma de reproducci\u00f3, distribuci\u00f3, comunicaci\u00f3 p\u00fablica, transformaci\u00f3, posada a disposici\u00f3 i, en general, qualsevol altre acte d&#8217;explotaci\u00f3 p\u00fablica referit tant a les p\u00e0gines Web com als seus continguts i informaci\u00f3, sense l&#8217;expr\u00e9s i previ consentiment i per escrit de X-<\/span><span style=\"font-weight: 400;\">LABELSOLUCIONS<\/span><span style=\"font-weight: 400;\">\u00a0<\/span><span style=\"font-weight: 400;\">INTEGRALS<\/span><span style=\"font-weight: 400;\">, S.L. En conseq\u00fc\u00e8ncia, tots els continguts que es mostren i especialment, dissenys, textos, gr\u00e0fics, logos, icones, botons, programari, noms comercials, marques, dibuixos industrials o qualssevol altres signes susceptibles d&#8217;utilitzaci\u00f3 industrial i comercial estan subjectes a drets de propietat intel\u00b7lectual i industrial de X-<\/span><span style=\"font-weight: 400;\">LABEL<\/span><span style=\"font-weight: 400;\">\u00a0<\/span><span style=\"font-weight: 400;\">SOLUCIONSINTEGRALS<\/span><span style=\"font-weight: 400;\">, S.L. o de tercers titulars dels mateixos que han autoritzat degudament la seva inclusi\u00f3 en els diferents websites. L&#8217;incompliment de l&#8217;assenyalat implica la comissi\u00f3 de greus actes il\u00b7l\u00edcits i la seva sanci\u00f3 per la legislaci\u00f3 civil i penal. Queda prohibit tot acte per virtut del qual els Usuaris dels serveis o continguts puguin explotar o servir-se comercialment, directa o indirectament, \u00edntegrament o parcialment, de qualsevol dels continguts, imatges, formes, \u00edndexs i altres expressions formals que formin part de les p\u00e0gines Web sense perm\u00eds previ i per escrit de X-<\/span><span style=\"font-weight: 400;\">LABEL<\/span><span style=\"font-weight: 400;\">\u00a0<\/span><span style=\"font-weight: 400;\">SOLUCIONS<\/span><span style=\"font-weight: 400;\">\u00a0<\/span><span style=\"font-weight: 400;\">INTEGRALS<\/span><span style=\"font-weight: 400;\">, S.L.<\/span><\/p>\n<p>&nbsp;<\/p>\n<h3><b>LLEI APLICABLE I FUR<\/b><\/h3>\n<p><span style=\"font-weight: 400;\">Les presents condicions regeixen per la legislaci\u00f3 espanyola. Qualsevol controv\u00e8rsia sorgida de la interpretaci\u00f3 o execuci\u00f3 que poguessin sorgir en relaci\u00f3 amb la validesa, interpretaci\u00f3, compliment o resoluci\u00f3 de les mateixes se sotmetr\u00e0 a la Jurisdicci\u00f3 i Compet\u00e8ncia dels Jutjats i Tribunals on t\u00e9 establert el seu domicili social X-<\/span><span style=\"font-weight: 400;\">LABELSOLUCIONS<\/span><span style=\"font-weight: 400;\">\u00a0<\/span><span style=\"font-weight: 400;\">INTEGRALS<\/span><span style=\"font-weight: 400;\">, S.L., amb ren\u00fancia al fur que pogu\u00e9s correspondre a l&#8217;usuari, sempre que la legislaci\u00f3 aplicable aix\u00ed ho permeti.<\/span><\/p>\n<p>&nbsp;<\/p>\n<p>[\/et_pb_text][\/et_pb_column][\/et_pb_row][\/et_pb_section]<\/p>\n","protected":false},"excerpt":{"rendered":"<p><div class=\"et_pb_row et_pb_row_0 et_pb_row_empty\">\n\t\t\t\t\n\t\t\t\t\n\t\t\t\t\n\t\t\t\t\n\t\t\t\t\n\t\t\t<\/div> AVIS LEGAL De conformitat amb la Llei 34\/2002, d&#8217;11 de Juliol, de Serveis de la Societat de la Informaci\u00f3 i de Comer\u00e7 Electr\u00f2nic, l&#8217;informem: X-LABEL SOLUCIONS INTEGRALS, S.L. CIF: B-64178718 Adre\u00e7a: Crta. del Pla de Santa Maria, 241, nave n\u00ba6, 43800 Valls (Tarragona) E-Mail:\u00a0xlabel@xlabel.es \u00a0 Inscrita en el R.M. de Tarragona, tom 2256 de [&hellip;]<\/p>\n","protected":false},"author":3,"featured_media":0,"parent":0,"menu_order":0,"comment_status":"closed","ping_status":"open","template":"","meta":{"_et_pb_use_builder":"on","_et_pb_old_content":"<!-- wp:heading -->\r\n<h2>Qui\u00e9nes somos<\/h2>\r\n<!-- \/wp:heading --><!-- wp:paragraph -->\r\n<p>La direcci\u00f3n de nuestra web es: http:\/\/xlabel.es.<\/p>\r\n<!-- \/wp:paragraph --><!-- wp:heading -->\r\n<h2>Qu\u00e9 datos personales recogemos y por qu\u00e9 los recogemos<\/h2>\r\n<!-- \/wp:heading --><!-- wp:heading {\"level\":3} -->\r\n<h3>Comentarios<\/h3>\r\n<!-- \/wp:heading --><!-- wp:paragraph -->\r\n<p>Cuando los visitantes dejan comentarios en la web, recopilamos los datos que se muestran en el formulario de comentarios, as\u00ed como la direcci\u00f3n IP del visitante y la cadena de agentes de usuario del navegador para ayudar a la detecci\u00f3n de spam.<\/p>\r\n<!-- \/wp:paragraph --><!-- wp:paragraph -->\r\n<p>Una cadena an\u00f3nima creada a partir de tu direcci\u00f3n de correo electr\u00f3nico (tambi\u00e9n llamada hash) puede ser proporcionada al servicio de Gravatar para ver si la est\u00e1s usando. La pol\u00edtica de privacidad del servicio Gravatar est\u00e1 disponible aqu\u00ed: https:\/\/automattic.com\/privacy\/. Despu\u00e9s de la aprobaci\u00f3n de tu comentario, la imagen de tu perfil es visible para el p\u00fablico en el contexto de su comentario.<\/p>\r\n<!-- \/wp:paragraph --><!-- wp:heading {\"level\":3} -->\r\n<h3>Medios<\/h3>\r\n<!-- \/wp:heading --><!-- wp:paragraph -->\r\n<p>Si subes im\u00e1genes a la web deber\u00edas evitar subir im\u00e1genes con datos de ubicaci\u00f3n (GPS EXIF) incluidos. Los visitantes de la web pueden descargar y extraer cualquier dato de localizaci\u00f3n de las im\u00e1genes de la web.<\/p>\r\n<!-- \/wp:paragraph --><!-- wp:heading {\"level\":3} -->\r\n<h3>Formularios de contacto<\/h3>\r\n<!-- \/wp:heading --><!-- wp:heading {\"level\":3} -->\r\n<h3>Cookies<\/h3>\r\n<!-- \/wp:heading --><!-- wp:paragraph -->\r\n<p>Si dejas un comentario en nuestro sitio puedes elegir guardar tu nombre, direcci\u00f3n de correo electr\u00f3nico y web en cookies. Esto es para tu comodidad, para que no tengas que volver a rellenar tus datos cuando dejes otro comentario. Estas cookies tendr\u00e1n una duraci\u00f3n de un a\u00f1o.<\/p>\r\n<!-- \/wp:paragraph --><!-- wp:paragraph -->\r\n<p>Si tienes una cuenta y te conectas a este sitio, instalaremos una cookie temporal para determinar si tu navegador acepta cookies. Esta cookie no contiene datos personales y se elimina al cerrar el navegador.<\/p>\r\n<!-- \/wp:paragraph --><!-- wp:paragraph -->\r\n<p>Cuando inicias sesi\u00f3n, tambi\u00e9n instalaremos varias cookies para guardar tu informaci\u00f3n de inicio de sesi\u00f3n y tus opciones de visualizaci\u00f3n de pantalla. Las cookies de inicio de sesi\u00f3n duran dos d\u00edas, y las cookies de opciones de pantalla duran un a\u00f1o. Si seleccionas \"Recordarme\", tu inicio de sesi\u00f3n perdurar\u00e1 durante dos semanas. Si sales de tu cuenta, las cookies de inicio de sesi\u00f3n se eliminar\u00e1n.<\/p>\r\n<!-- \/wp:paragraph --><!-- wp:paragraph -->\r\n<p>Si editas o publicas un art\u00edculo se guardar\u00e1 una cookie adicional en tu navegador. Esta cookie no incluye datos personales y simplemente indica el ID del art\u00edculo que acabas de editar. Caduca despu\u00e9s de 1 d\u00eda.<\/p>\r\n<!-- \/wp:paragraph --><!-- wp:heading {\"level\":3} -->\r\n<h3>Contenido incrustado de otros sitios web<\/h3>\r\n<!-- \/wp:heading --><!-- wp:paragraph -->\r\n<p>Los art\u00edculos de este sitio pueden incluir contenido incrustado (por ejemplo, v\u00eddeos, im\u00e1genes, art\u00edculos, etc.). El contenido incrustado de otras web se comporta exactamente de la misma manera que si el visitante hubiera visitado la otra web.<\/p>\r\n<!-- \/wp:paragraph --><!-- wp:paragraph -->\r\n<p>Estas web pueden recopilar datos sobre ti, utilizar cookies, incrustar un seguimiento adicional de terceros, y supervisar tu interacci\u00f3n con ese contenido incrustado, incluido el seguimiento de tu interacci\u00f3n con el contenido incrustado si tienes una cuenta y est\u00e1s conectado a esa web.<\/p>\r\n<!-- \/wp:paragraph --><!-- wp:heading {\"level\":3} -->\r\n<h3>Anal\u00edtica<\/h3>\r\n<!-- \/wp:heading --><!-- wp:heading -->\r\n<h2>Con qui\u00e9n compartimos tus datos<\/h2>\r\n<!-- \/wp:heading --><!-- wp:heading -->\r\n<h2>Cu\u00e1nto tiempo conservamos tus datos<\/h2>\r\n<!-- \/wp:heading --><!-- wp:paragraph -->\r\n<p>Si dejas un comentario, el comentario y sus metadatos se conservan indefinidamente. Esto es para que podamos reconocer y aprobar comentarios sucesivos autom\u00e1ticamente en lugar de mantenerlos en una cola de moderaci\u00f3n.<\/p>\r\n<!-- \/wp:paragraph --><!-- wp:paragraph -->\r\n<p>De los usuarios que se registran en nuestra web (si los hay), tambi\u00e9n almacenamos la informaci\u00f3n personal que proporcionan en su perfil de usuario. Todos los usuarios pueden ver, editar o eliminar su informaci\u00f3n personal en cualquier momento (excepto que no pueden cambiar su nombre de usuario). Los administradores de la web tambi\u00e9n pueden ver y editar esa informaci\u00f3n.<\/p>\r\n<!-- \/wp:paragraph --><!-- wp:heading -->\r\n<h2>Qu\u00e9 derechos tienes sobre tus datos<\/h2>\r\n<!-- \/wp:heading --><!-- wp:paragraph -->\r\n<p>Si tienes una cuenta o has dejado comentarios en esta web, puedes solicitar recibir un archivo de exportaci\u00f3n de los datos personales que tenemos sobre ti, incluyendo cualquier dato que nos hayas proporcionado. Tambi\u00e9n puedes solicitar que eliminemos cualquier dato personal que tengamos sobre ti. Esto no incluye ning\u00fan dato que estemos obligados a conservar con fines administrativos, legales o de seguridad.<\/p>\r\n<!-- \/wp:paragraph --><!-- wp:heading -->\r\n<h2>D\u00f3nde enviamos tus datos<\/h2>\r\n<!-- \/wp:heading --><!-- wp:paragraph -->\r\n<p>Los comentarios de los visitantes puede que los revise un servicio de detecci\u00f3n autom\u00e1tica de spam.<\/p>\r\n<!-- \/wp:paragraph --><!-- wp:heading -->\r\n<h2>Tu informaci\u00f3n de contacto<\/h2>\r\n<!-- \/wp:heading --><!-- wp:heading -->\r\n<h2>Informaci\u00f3n adicional<\/h2>\r\n<!-- \/wp:heading --><!-- wp:heading {\"level\":3} -->\r\n<h3>C\u00f3mo protegemos tus datos<\/h3>\r\n<!-- \/wp:heading --><!-- wp:heading {\"level\":3} -->\r\n<h3>Qu\u00e9 procedimientos utilizamos contra las brechas de datos<\/h3>\r\n<!-- \/wp:heading --><!-- wp:heading {\"level\":3} -->\r\n<h3>De qu\u00e9 terceros recibimos datos<\/h3>\r\n<!-- \/wp:heading --><!-- wp:heading {\"level\":3} -->\r\n<h3>Qu\u00e9 tipo de toma de decisiones automatizada y\/o perfilado hacemos con los datos del usuario<\/h3>\r\n<!-- \/wp:heading --><!-- wp:heading {\"level\":3} -->\r\n<h3>Requerimientos regulatorios de revelaci\u00f3n de informaci\u00f3n del sector<\/h3>\r\n<!-- \/wp:heading -->","_et_gb_content_width":"","footnotes":""},"yoast_head":"<!-- This site is optimized with the Yoast SEO plugin v21.4 - https:\/\/yoast.com\/wordpress\/plugins\/seo\/ -->\n<title>Condicions d&#039;\u00fas - X-Label<\/title>\n<meta name=\"description\" content=\"Condicions d&#039;\u00fas.\" \/>\n<meta name=\"robots\" content=\"index, follow, max-snippet:-1, max-image-preview:large, max-video-preview:-1\" \/>\n<link rel=\"canonical\" href=\"https:\/\/xlabel.es\/ca\/condicions-dus\/\" \/>\n<meta property=\"og:locale\" content=\"ca_ES\" \/>\n<meta property=\"og:type\" content=\"article\" \/>\n<meta property=\"og:title\" content=\"Condicions d&#039;\u00fas - X-Label\" \/>\n<meta property=\"og:description\" content=\"Condicions d&#039;\u00fas.\" \/>\n<meta property=\"og:url\" content=\"https:\/\/xlabel.es\/ca\/condicions-dus\/\" \/>\n<meta property=\"og:site_name\" content=\"X-Label\" \/>\n<meta property=\"article:modified_time\" content=\"2019-05-08T13:42:58+00:00\" \/>\n<meta name=\"twitter:card\" content=\"summary_large_image\" \/>\n<meta name=\"twitter:label1\" content=\"Temps estimat de lectura\" \/>\n\t<meta name=\"twitter:data1\" content=\"5 minuts\" \/>\n<script type=\"application\/ld+json\" class=\"yoast-schema-graph\">{\"@context\":\"https:\/\/schema.org\",\"@graph\":[{\"@type\":\"WebPage\",\"@id\":\"https:\/\/xlabel.es\/ca\/condicions-dus\/\",\"url\":\"https:\/\/xlabel.es\/ca\/condicions-dus\/\",\"name\":\"Condicions d'\u00fas - X-Label\",\"isPartOf\":{\"@id\":\"https:\/\/xlabel.es\/#website\"},\"datePublished\":\"2019-05-08T13:41:36+00:00\",\"dateModified\":\"2019-05-08T13:42:58+00:00\",\"description\":\"Condicions d'\u00fas.\",\"breadcrumb\":{\"@id\":\"https:\/\/xlabel.es\/ca\/condicions-dus\/#breadcrumb\"},\"inLanguage\":\"ca\",\"potentialAction\":[{\"@type\":\"ReadAction\",\"target\":[\"https:\/\/xlabel.es\/ca\/condicions-dus\/\"]}]},{\"@type\":\"BreadcrumbList\",\"@id\":\"https:\/\/xlabel.es\/ca\/condicions-dus\/#breadcrumb\",\"itemListElement\":[{\"@type\":\"ListItem\",\"position\":1,\"name\":\"Portada\",\"item\":\"https:\/\/xlabel.es\/ca\/\"},{\"@type\":\"ListItem\",\"position\":2,\"name\":\"Condicions d&#8217;\u00fas\"}]},{\"@type\":\"WebSite\",\"@id\":\"https:\/\/xlabel.es\/#website\",\"url\":\"https:\/\/xlabel.es\/\",\"name\":\"X-Label\",\"description\":\"Impresi\u00f3n de etiquetas industriales.\",\"potentialAction\":[{\"@type\":\"SearchAction\",\"target\":{\"@type\":\"EntryPoint\",\"urlTemplate\":\"https:\/\/xlabel.es\/?s={search_term_string}\"},\"query-input\":\"required name=search_term_string\"}],\"inLanguage\":\"ca\"}]}<\/script>\n<!-- \/ Yoast SEO plugin. -->","yoast_head_json":{"title":"Condicions d'\u00fas - X-Label","description":"Condicions d'\u00fas.","robots":{"index":"index","follow":"follow","max-snippet":"max-snippet:-1","max-image-preview":"max-image-preview:large","max-video-preview":"max-video-preview:-1"},"canonical":"https:\/\/xlabel.es\/ca\/condicions-dus\/","og_locale":"ca_ES","og_type":"article","og_title":"Condicions d'\u00fas - X-Label","og_description":"Condicions d'\u00fas.","og_url":"https:\/\/xlabel.es\/ca\/condicions-dus\/","og_site_name":"X-Label","article_modified_time":"2019-05-08T13:42:58+00:00","twitter_card":"summary_large_image","twitter_misc":{"Temps estimat de lectura":"5 minuts"},"schema":{"@context":"https:\/\/schema.org","@graph":[{"@type":"WebPage","@id":"https:\/\/xlabel.es\/ca\/condicions-dus\/","url":"https:\/\/xlabel.es\/ca\/condicions-dus\/","name":"Condicions d'\u00fas - X-Label","isPartOf":{"@id":"https:\/\/xlabel.es\/#website"},"datePublished":"2019-05-08T13:41:36+00:00","dateModified":"2019-05-08T13:42:58+00:00","description":"Condicions d'\u00fas.","breadcrumb":{"@id":"https:\/\/xlabel.es\/ca\/condicions-dus\/#breadcrumb"},"inLanguage":"ca","potentialAction":[{"@type":"ReadAction","target":["https:\/\/xlabel.es\/ca\/condicions-dus\/"]}]},{"@type":"BreadcrumbList","@id":"https:\/\/xlabel.es\/ca\/condicions-dus\/#breadcrumb","itemListElement":[{"@type":"ListItem","position":1,"name":"Portada","item":"https:\/\/xlabel.es\/ca\/"},{"@type":"ListItem","position":2,"name":"Condicions d&#8217;\u00fas"}]},{"@type":"WebSite","@id":"https:\/\/xlabel.es\/#website","url":"https:\/\/xlabel.es\/","name":"X-Label","description":"Impresi\u00f3n de etiquetas industriales.","potentialAction":[{"@type":"SearchAction","target":{"@type":"EntryPoint","urlTemplate":"https:\/\/xlabel.es\/?s={search_term_string}"},"query-input":"required name=search_term_string"}],"inLanguage":"ca"}]}},"_links":{"self":[{"href":"https:\/\/xlabel.es\/ca\/wp-json\/wp\/v2\/pages\/179"}],"collection":[{"href":"https:\/\/xlabel.es\/ca\/wp-json\/wp\/v2\/pages"}],"about":[{"href":"https:\/\/xlabel.es\/ca\/wp-json\/wp\/v2\/types\/page"}],"author":[{"embeddable":true,"href":"https:\/\/xlabel.es\/ca\/wp-json\/wp\/v2\/users\/3"}],"replies":[{"embeddable":true,"href":"https:\/\/xlabel.es\/ca\/wp-json\/wp\/v2\/comments?post=179"}],"version-history":[{"count":2,"href":"https:\/\/xlabel.es\/ca\/wp-json\/wp\/v2\/pages\/179\/revisions"}],"predecessor-version":[{"id":181,"href":"https:\/\/xlabel.es\/ca\/wp-json\/wp\/v2\/pages\/179\/revisions\/181"}],"wp:attachment":[{"href":"https:\/\/xlabel.es\/ca\/wp-json\/wp\/v2\/media?parent=179"}],"curies":[{"name":"wp","href":"https:\/\/api.w.org\/{rel}","templated":true}]}}